{"id":236,"date":"2022-08-25T21:24:54","date_gmt":"2022-08-25T21:24:54","guid":{"rendered":"https:\/\/lookwellrybnik.pl\/?page_id=236"},"modified":"2022-10-19T20:42:14","modified_gmt":"2022-10-19T20:42:14","slug":"vouchery","status":"publish","type":"page","link":"https:\/\/lookwellrybnik.pl\/index.php\/vouchery\/","title":{"rendered":"Vouchery"},"content":{"rendered":"\t\t<div data-elementor-type=\"wp-page\" data-elementor-id=\"236\" class=\"elementor elementor-236\" data-elementor-post-type=\"page\">\n\t\t\t\t\t\t<section class=\"elementor-section elementor-top-section elementor-element elementor-element-35cc654 elementor-section-boxed elementor-section-height-default elementor-section-height-default\" data-id=\"35cc654\" data-element_type=\"section\" data-e-type=\"section\" data-settings=\"{&quot;background_background&quot;:&quot;classic&quot;}\">\n\t\t\t\t\t\t<div class=\"elementor-container elementor-column-gap-default\">\n\t\t\t\t\t<div class=\"elementor-column elementor-col-100 elementor-top-column elementor-element elementor-element-5ed81b7\" data-id=\"5ed81b7\" data-element_type=\"column\" data-e-type=\"column\">\n\t\t\t<div class=\"elementor-widget-wrap elementor-element-populated\">\n\t\t\t\t\t\t<div class=\"elementor-element elementor-element-436c1be elementor-widget elementor-widget-heading\" data-id=\"436c1be\" data-element_type=\"widget\" data-e-type=\"widget\" data-widget_type=\"heading.default\">\n\t\t\t\t<div class=\"elementor-widget-container\">\n\t\t\t\t\t<h2 class=\"elementor-heading-title elementor-size-default\">Bony upominkowe<\/h2>\t\t\t\t<\/div>\n\t\t\t\t<\/div>\n\t\t\t\t<div class=\"elementor-element elementor-element-4e9bd96 elementor-widget elementor-widget-image\" data-id=\"4e9bd96\" data-element_type=\"widget\" data-e-type=\"widget\" data-widget_type=\"image.default\">\n\t\t\t\t<div class=\"elementor-widget-container\">\n\t\t\t\t\t\t\t\t\t\t\t\t\t\t\t<img decoding=\"async\" width=\"300\" height=\"128\" src=\"https:\/\/lookwellrybnik.pl\/wp-content\/uploads\/2022\/08\/piorko_lewo_dol-removebg-preview-1-300x128.png\" class=\"attachment-medium size-medium wp-image-68\" alt=\"\" srcset=\"https:\/\/lookwellrybnik.pl\/wp-content\/uploads\/2022\/08\/piorko_lewo_dol-removebg-preview-1-300x128.png 300w, https:\/\/lookwellrybnik.pl\/wp-content\/uploads\/2022\/08\/piorko_lewo_dol-removebg-preview-1.png 578w\" sizes=\"(max-width: 300px) 100vw, 300px\" \/>\t\t\t\t\t\t\t\t\t\t\t\t\t\t\t<\/div>\n\t\t\t\t<\/div>\n\t\t\t\t<div class=\"elementor-element elementor-element-0d9cc3a elementor-widget elementor-widget-image\" data-id=\"0d9cc3a\" data-element_type=\"widget\" data-e-type=\"widget\" data-widget_type=\"image.default\">\n\t\t\t\t<div class=\"elementor-widget-container\">\n\t\t\t\t\t\t\t\t\t\t\t\t\t\t\t<img fetchpriority=\"high\" decoding=\"async\" width=\"800\" height=\"862\" src=\"https:\/\/lookwellrybnik.pl\/wp-content\/uploads\/2022\/10\/voucher-950x1024.jpeg\" class=\"attachment-large size-large wp-image-465\" alt=\"\" srcset=\"https:\/\/lookwellrybnik.pl\/wp-content\/uploads\/2022\/10\/voucher-950x1024.jpeg 950w, https:\/\/lookwellrybnik.pl\/wp-content\/uploads\/2022\/10\/voucher-278x300.jpeg 278w, https:\/\/lookwellrybnik.pl\/wp-content\/uploads\/2022\/10\/voucher-768x828.jpeg 768w, https:\/\/lookwellrybnik.pl\/wp-content\/uploads\/2022\/10\/voucher.jpeg 1057w\" sizes=\"(max-width: 800px) 100vw, 800px\" \/>\t\t\t\t\t\t\t\t\t\t\t\t\t\t\t<\/div>\n\t\t\t\t<\/div>\n\t\t\t\t<div class=\"elementor-element elementor-element-b086539 elementor-widget elementor-widget-text-editor\" data-id=\"b086539\" data-element_type=\"widget\" data-e-type=\"widget\" data-widget_type=\"text-editor.default\">\n\t\t\t\t<div class=\"elementor-widget-container\">\n\t\t\t\t\t\t\t\t\t<p><span style=\"color: #000000;\"><span style=\"font-family: Didact Gothic, sans-serif;\"><span style=\"font-size: medium;\">\u00a0<\/span><\/span><\/span><\/p><p><span style=\"color: #000000;\"><span style=\"font-family: Didact Gothic, sans-serif;\"><span style=\"font-size: medium;\">\u00a0<\/span><\/span><\/span><\/p><p><span style=\"color: #000000;\"><span style=\"font-family: Didact Gothic, sans-serif;\"><span style=\"font-size: medium;\">Chcesz obdarowa\u0107 blisk\u0105 Ci osob\u0119 wyj\u0105tkowym prezentem? Zastanawiasz si\u0119 w jaki spos\u00f3b podarowa\u0107 jej chwil\u0119, w kt\u00f3rej poczuje si\u0119 wyj\u0105tkowo zadbana? Podaruj jej chwil\u0119 relaksu i pozw\u00f3l nam zadba\u0107 o jej pi\u0119kno. Podaruj jej b\u0105d\u017a jemu Voucher na zabiegi w gabinecie Look well.<\/span><\/span><\/span><\/p><p><a name=\"more-1191\"><\/a> <span style=\"color: #000000;\"><span style=\"font-family: Didact Gothic, sans-serif;\"><span style=\"font-size: medium;\">Dzi\u0119ki szerokiej ofercie ka\u017cdy znajdzie co\u015b dla siebie. Pocz\u0105wszy od prostych zabieg\u00f3w piel\u0119gnacyjnych na d\u0142onie czy stopy, zabiegi upi\u0119kszaj\u0105ce jak henna, makija\u017c czy stylizacja rz\u0119s a\u017c po zabiegi z zakresu kosmetologii estetycznej, zabiegi lecznicze na stopy, depilacj\u0119 laserow\u0105 i makija\u017c permanentny. <\/span><\/span><\/span><\/p><p><span style=\"color: #000000;\">\u00a0<\/span><\/p><p><strong><span style=\"color: #000000;\"><span style=\"font-family: Didact Gothic, sans-serif;\"><span style=\"font-size: medium;\"><b>Zastanawiasz si\u0119 czym jest Voucher na zabiegi kosmetyczne?<\/b><\/span><\/span><\/span><\/strong><\/p><p><span style=\"color: #000000;\"><span style=\"font-family: Didact Gothic, sans-serif;\"><span style=\"font-size: medium;\">Jest to forma bonu, talonu, przedp\u0142acenia us\u0142ugi, kt\u00f3r\u0105 pragniesz sprezentowa\u0107 danej osobie. Vouchery w naszym gabinecie kosmetycznym s\u0105 imienne. Jest to idealny spos\u00f3b na prezent ta ka\u017cd\u0105 okazj\u0119 np.<\/span><\/span><\/span><\/p><ul><li><p><span style=\"color: #000000;\"><span style=\"font-family: Didact Gothic, sans-serif;\"><span style=\"font-size: medium;\">prezent na dzie\u0144 matki\/ojca,<\/span><\/span><\/span><\/p><\/li><li><p><span style=\"color: #000000;\"><span style=\"font-family: Didact Gothic, sans-serif;\"><span style=\"font-size: medium;\">prezent na dzie\u0144 babci\/dziadka,<\/span><\/span><\/span><\/p><\/li><li><p><span style=\"color: #000000;\"><span style=\"font-family: Didact Gothic, sans-serif;\"><span style=\"font-size: medium;\">prezent na \u015bwi\u0119ta,<\/span><\/span><\/span><\/p><\/li><li><p><span style=\"color: #000000;\"><span style=\"font-family: Didact Gothic, sans-serif;\"><span style=\"font-size: medium;\">prezent imieninowy b\u0105d\u017a urodzinowy,<\/span><\/span><\/span><\/p><\/li><li><p><span style=\"color: #000000;\"><span style=\"font-family: Didact Gothic, sans-serif;\"><span style=\"font-size: medium;\">forma podzi\u0119kowania,<\/span><\/span><\/span><\/p><\/li><\/ul><div><span style=\"color: #000000; font-family: Didact Gothic, sans-serif; font-size: medium;\">\u00a0<\/span><\/div><p><span style=\"color: #000000;\"><span style=\"font-family: Didact Gothic, sans-serif;\"><span style=\"font-size: medium;\">Voucher wa\u017cny jest 3 miesiace od daty zakupu. <\/span><\/span><\/span><\/p>\t\t\t\t\t\t\t\t<\/div>\n\t\t\t\t<\/div>\n\t\t\t\t\t<\/div>\n\t\t<\/div>\n\t\t\t\t\t<\/div>\n\t\t<\/section>\n\t\t\t\t<\/div>\n\t\t","protected":false},"excerpt":{"rendered":"<p>Bony upominkowe \u00a0 \u00a0 Chcesz obdarowa\u0107 blisk\u0105 Ci osob\u0119 wyj\u0105tkowym prezentem? Zastanawiasz si\u0119 w jaki spos\u00f3b podarowa\u0107 jej chwil\u0119, w kt\u00f3rej poczuje si\u0119 wyj\u0105tkowo zadbana? Podaruj jej chwil\u0119 relaksu i pozw\u00f3l nam zadba\u0107 o jej pi\u0119kno. Podaruj jej b\u0105d\u017a jemu Voucher na zabiegi w gabinecie Look well. Dzi\u0119ki szerokiej ofercie ka\u017cdy znajdzie co\u015b dla siebie. [&hellip;]<\/p>\n","protected":false},"author":1,"featured_media":0,"parent":0,"menu_order":0,"comment_status":"closed","ping_status":"closed","template":"","meta":{"footnotes":""},"class_list":["post-236","page","type-page","status-publish","hentry"],"aioseo_notices":[],"_links":{"self":[{"href":"https:\/\/lookwellrybnik.pl\/index.php\/wp-json\/wp\/v2\/pages\/236","targetHints":{"allow":["GET"]}}],"collection":[{"href":"https:\/\/lookwellrybnik.pl\/index.php\/wp-json\/wp\/v2\/pages"}],"about":[{"href":"https:\/\/lookwellrybnik.pl\/index.php\/wp-json\/wp\/v2\/types\/page"}],"author":[{"embeddable":true,"href":"https:\/\/lookwellrybnik.pl\/index.php\/wp-json\/wp\/v2\/users\/1"}],"replies":[{"embeddable":true,"href":"https:\/\/lookwellrybnik.pl\/index.php\/wp-json\/wp\/v2\/comments?post=236"}],"version-history":[{"count":16,"href":"https:\/\/lookwellrybnik.pl\/index.php\/wp-json\/wp\/v2\/pages\/236\/revisions"}],"predecessor-version":[{"id":469,"href":"https:\/\/lookwellrybnik.pl\/index.php\/wp-json\/wp\/v2\/pages\/236\/revisions\/469"}],"wp:attachment":[{"href":"https:\/\/lookwellrybnik.pl\/index.php\/wp-json\/wp\/v2\/media?parent=236"}],"curies":[{"name":"wp","href":"https:\/\/api.w.org\/{rel}","templated":true}]}}